{"id":8936,"date":"2024-03-30T14:10:37","date_gmt":"2024-03-30T13:10:37","guid":{"rendered":"http:\/\/www.sigesport.es\/castellar\/?page_id=8936"},"modified":"2026-04-20T16:34:23","modified_gmt":"2026-04-20T14:34:23","slug":"kmpus-estiu-2026","status":"publish","type":"page","link":"https:\/\/www.sigesport.es\/castellar\/kmpus-estiu-2026\/","title":{"rendered":"KMPUS ESTIU 2026"},"content":{"rendered":"\n[et_pb_section fb_built=&#8221;1&#8243; fullwidth=&#8221;on&#8221; _builder_version=&#8221;4.27.4&#8243; _module_preset=&#8221;e8eabc32-7fea-4d8e-a170-841f5e2891dc&#8221; hover_enabled=&#8221;0&#8243; global_colors_info=&#8221;{}&#8221; sticky_enabled=&#8221;0&#8243;][et_pb_fullwidth_slider _builder_version=&#8221;4.27.4&#8243; _module_preset=&#8221;default&#8221; min_height=&#8221;332.5px&#8221; custom_padding=&#8221;||216px|||&#8221; hover_enabled=&#8221;0&#8243; global_colors_info=&#8221;{}&#8221; sticky_enabled=&#8221;0&#8243;][et_pb_slide _builder_version=&#8221;4.27.4&#8243; _module_preset=&#8221;default&#8221; background_color=&#8221;rgba(126,190,197,0.62)&#8221; background_enable_color=&#8221;on&#8221; background_image=&#8221;https:\/\/www.sigesport.es\/castellar\/wp-content\/uploads\/2026\/04\/child-is-dressed-astronaut-costume-1-scaled.jpg&#8221; background_enable_image=&#8221;on&#8221; background_position=&#8221;top_center&#8221; hover_enabled=&#8221;0&#8243; global_colors_info=&#8221;{}&#8221; sticky_transition=&#8221;on&#8221; title_text=&#8221;child is dressed in an astronaut costume&#8221; sticky_enabled=&#8221;0&#8243;][\/et_pb_slide][\/et_pb_fullwidth_slider][\/et_pb_section][et_pb_section fb_built=&#8221;1&#8243; fullwidth=&#8221;on&#8221; _builder_version=&#8221;4.19.2&#8243; _module_preset=&#8221;e8eabc32-7fea-4d8e-a170-841f5e2891dc&#8221; global_colors_info=&#8221;{}&#8221;][et_pb_fullwidth_header title=&#8221;KMPUS ESTIU 2026&#8243; _builder_version=&#8221;4.27.4&#8243; _module_preset=&#8221;default&#8221; title_text_align=&#8221;left&#8221; background_color=&#8221;#ff8662&#8243; min_height=&#8221;100px&#8221; height=&#8221;100px&#8221; max_height=&#8221;100px&#8221; custom_padding=&#8221;22px||42px|||&#8221; motion_trigger_start=&#8221;bottom&#8221; global_colors_info=&#8221;{}&#8221;][\/et_pb_fullwidth_header][\/et_pb_section][et_pb_section fb_built=&#8221;1&#8243; _builder_version=&#8221;4.19.2&#8243; _module_preset=&#8221;default&#8221; hover_transition_duration=&#8221;0ms&#8221; hover_transition_speed_curve=&#8221;ease-in-out&#8221; motion_trigger_start=&#8221;bottom&#8221; global_colors_info=&#8221;{}&#8221;][et_pb_row _builder_version=&#8221;4.19.4&#8243; _module_preset=&#8221;default&#8221; global_colors_info=&#8221;{}&#8221;][et_pb_column type=&#8221;4_4&#8243; _builder_version=&#8221;4.19.4&#8243; _module_preset=&#8221;default&#8221; global_colors_info=&#8221;{}&#8221;][et_pb_image src=&#8221;https:\/\/www.sigesport.es\/castellar\/wp-content\/uploads\/2026\/04\/KMPUS26_IG-Post.png&#8221; title_text=&#8221;KMPUS26_IG Post&#8221; _builder_version=&#8221;4.27.4&#8243; _module_preset=&#8221;default&#8221; global_colors_info=&#8221;{}&#8221;][\/et_pb_image][\/et_pb_column][\/et_pb_row][et_pb_row _builder_version=&#8221;4.21.0&#8243; _module_preset=&#8221;default&#8221; global_colors_info=&#8221;{}&#8221;][et_pb_column type=&#8221;4_4&#8243; _builder_version=&#8221;4.21.0&#8243; _module_preset=&#8221;default&#8221; global_colors_info=&#8221;{}&#8221;][et_pb_text _builder_version=&#8221;4.27.4&#8243; _module_preset=&#8221;default&#8221; global_colors_info=&#8221;{}&#8221;]<p>BAIXA EL PROTOCOL A SEGUIR<\/p>\n<p><a href=\"https:\/\/www.sigesport.es\/castellar\/wp-content\/uploads\/2026\/04\/KMPUS26_Protocol.pdf\" rel=\"attachment wp-att-8934\">Consulteu el PROTOCOL KMPUS 2026<\/a><\/p>\n<p>DESCARREGA&#8217;T EL FULL D&#8217;INSCRIPCI\u00d3<\/p>\n<p><a href=\"https:\/\/www.sigesport.es\/castellar\/wp-content\/uploads\/2026\/04\/KMPUS-INSCRIPCIO-26_3a5-anys.pdf\" rel=\"attachment wp-att-8933\">FORMULARI D&#8217;INSCRIPCI\u00d3 2026: de 3 a 5 anys<\/a><\/p>\n<p><a href=\"https:\/\/www.sigesport.es\/castellar\/wp-content\/uploads\/2026\/04\/KMPUS-INSCRIPCIO-26_6a8-anys.pdf\" rel=\"attachment wp-att-8933\">FORMULARI D&#8217;INSCRIPCI\u00d3 2026: de 6 a 8 anys<\/a><\/p>\n<p><a href=\"https:\/\/www.sigesport.es\/castellar\/wp-content\/uploads\/2026\/04\/KMPUS-INSCRIPCIO-26_9a13-anys.pdf\" rel=\"attachment wp-att-8933\">FORMULARI D&#8217;INSCRIPCI\u00d3 2026: de 9 a 13 anys<\/a><\/p>[\/et_pb_text][\/et_pb_column][\/et_pb_row][\/et_pb_section]\n","protected":false},"excerpt":{"rendered":"<p>BAIXA EL PROTOCOL A SEGUIR Consulteu el PROTOCOL KMPUS 2026 DESCARREGA&#8217;T EL FULL D&#8217;INSCRIPCI\u00d3 FORMULARI D&#8217;INSCRIPCI\u00d3 2026: de 3 a 5 anys FORMULARI D&#8217;INSCRIPCI\u00d3 2026: de 6 a 8 anys FORMULARI D&#8217;INSCRIPCI\u00d3 2026: de 9 a 13 anys<\/p>\n","protected":false},"author":1,"featured_media":0,"parent":0,"menu_order":0,"comment_status":"closed","ping_status":"closed","template":"","meta":{"_et_pb_use_builder":"on","_et_pb_old_content":"","_et_gb_content_width":"","footnotes":""},"class_list":["post-8936","page","type-page","status-publish","hentry"],"_links":{"self":[{"href":"https:\/\/www.sigesport.es\/castellar\/wp-json\/wp\/v2\/pages\/8936","targetHints":{"allow":["GET"]}}],"collection":[{"href":"https:\/\/www.sigesport.es\/castellar\/wp-json\/wp\/v2\/pages"}],"about":[{"href":"https:\/\/www.sigesport.es\/castellar\/wp-json\/wp\/v2\/types\/page"}],"author":[{"embeddable":true,"href":"https:\/\/www.sigesport.es\/castellar\/wp-json\/wp\/v2\/users\/1"}],"replies":[{"embeddable":true,"href":"https:\/\/www.sigesport.es\/castellar\/wp-json\/wp\/v2\/comments?post=8936"}],"version-history":[{"count":24,"href":"https:\/\/www.sigesport.es\/castellar\/wp-json\/wp\/v2\/pages\/8936\/revisions"}],"predecessor-version":[{"id":9455,"href":"https:\/\/www.sigesport.es\/castellar\/wp-json\/wp\/v2\/pages\/8936\/revisions\/9455"}],"wp:attachment":[{"href":"https:\/\/www.sigesport.es\/castellar\/wp-json\/wp\/v2\/media?parent=8936"}],"curies":[{"name":"wp","href":"https:\/\/api.w.org\/{rel}","templated":true}]}}