{"id":8710,"date":"2024-03-30T14:10:52","date_gmt":"2024-03-30T13:10:52","guid":{"rendered":"http:\/\/www.sigesport.es\/castellar\/?page_id=8710"},"modified":"2024-10-01T14:15:34","modified_gmt":"2024-10-01T12:15:34","slug":"serveis","status":"publish","type":"page","link":"https:\/\/www.sigesport.es\/castellar\/serveis\/","title":{"rendered":"SERVEIS"},"content":{"rendered":"<p>[et_pb_section fb_built=&#8221;1&#8243; admin_label=&#8221;Services&#8221; _builder_version=&#8221;4.19.4&#8243; _module_preset=&#8221;default&#8221; background_color=&#8221;#8366F6&#8243; background_enable_image=&#8221;off&#8221; background_size=&#8221;contain&#8221; background_position=&#8221;center_left&#8221; custom_padding=&#8221;||0px|||&#8221; global_colors_info=&#8221;{}&#8221;][et_pb_row _builder_version=&#8221;4.16&#8243; _module_preset=&#8221;default&#8221; global_colors_info=&#8221;{}&#8221;][et_pb_column type=&#8221;4_4&#8243; _builder_version=&#8221;4.16&#8243; _module_preset=&#8221;default&#8221; global_colors_info=&#8221;{}&#8221;][et_pb_text _builder_version=&#8221;4.19.4&#8243; _module_preset=&#8221;default&#8221; header_font=&#8221;Candal||||||||&#8221; header_font_size=&#8221;80px&#8221; header_letter_spacing=&#8221;-2.67px&#8221; header_line_height=&#8221;1.2em&#8221; header_2_font=&#8221;Archivo Black||||||||&#8221; header_2_font_size=&#8221;60px&#8221; header_2_line_height=&#8221;1.2em&#8221; text_orientation=&#8221;center&#8221; header_font_size_tablet=&#8221;50px&#8221; header_font_size_phone=&#8221;30px&#8221; header_font_size_last_edited=&#8221;on|phone&#8221; header_2_font_size_tablet=&#8221;40px&#8221; header_2_font_size_phone=&#8221;24px&#8221; header_2_font_size_last_edited=&#8221;on|phone&#8221; locked=&#8221;off&#8221; global_colors_info=&#8221;{}&#8221;]<\/p>\n<h2 style=\"text-align: left;\"><span style=\"color: #ffffff;\">SERVEIS<\/span><\/h2>\n<p>[\/et_pb_text][\/et_pb_column][\/et_pb_row][et_pb_row column_structure=&#8221;1_3,1_3,1_3&#8243; make_equal=&#8221;on&#8221; _builder_version=&#8221;4.19.4&#8243; _module_preset=&#8221;default&#8221; min_height=&#8221;300px&#8221; height=&#8221;703px&#8221; custom_padding=&#8221;||0px|||&#8221; border_radii=&#8221;on|20px|20px|20px|20px&#8221; border_color_all=&#8221;RGBA(255,255,255,0)&#8221; border_style_all=&#8221;none&#8221; global_colors_info=&#8221;{}&#8221;][et_pb_column type=&#8221;1_3&#8243; _builder_version=&#8221;4.19.4&#8243; _module_preset=&#8221;default&#8221; custom_padding=&#8221;|20px|200px|20px|false|true&#8221; custom_padding_tablet=&#8221;|20px|60px|20px|false|true&#8221; custom_padding_phone=&#8221;&#8221; custom_padding_last_edited=&#8221;on|phone&#8221; border_radii=&#8221;on|5px|5px|5px|5px&#8221; global_colors_info=&#8221;{}&#8221;][et_pb_image src=&#8221;http:\/\/www.sigesport.es\/castellar\/wp-content\/uploads\/2023\/08\/Iconos_AADD_blanc.png&#8221; title_text=&#8221;Iconos_AADD_blanc&#8221; disabled_on=&#8221;off|off|off&#8221; _builder_version=&#8221;4.21.0&#8243; _module_preset=&#8221;default&#8221; custom_margin=&#8221;|-20px||-20px|false|true&#8221; border_radii=&#8221;on|200px|200px|200px|200px&#8221; border_color_all=&#8221;#ffffff&#8221; locked=&#8221;off&#8221; global_colors_info=&#8221;{}&#8221; border_width_all__hover_enabled=&#8221;on|desktop&#8221; border_width_all__hover=&#8221;20px&#8221;][\/et_pb_image][et_pb_blurb title=&#8221;ENTRENAMENTS PERSONALS&#8221; _builder_version=&#8221;4.19.4&#8243; _module_preset=&#8221;29efbea9-42c6-4393-a7cc-1aa44407c96c&#8221; header_level=&#8221;h3&#8243; header_font=&#8221;Archivo Black||||||||&#8221; header_text_color=&#8221;#FFFFFF&#8221; header_font_size=&#8221;20px&#8221; header_line_height=&#8221;1.4em&#8221; body_line_height=&#8221;2em&#8221; text_orientation=&#8221;center&#8221; header_font_size_tablet=&#8221;&#8221; header_font_size_phone=&#8221;18px&#8221; header_font_size_last_edited=&#8221;on|desktop&#8221; body_font_size_tablet=&#8221;14px&#8221; body_font_size_last_edited=&#8221;off|desktop&#8221; border_radii_image=&#8221;on|500px|500px|500px|500px&#8221; locked=&#8221;off&#8221; global_colors_info=&#8221;{}&#8221;][\/et_pb_blurb][et_pb_text _builder_version=&#8221;4.19.4&#8243; _module_preset=&#8221;default&#8221; global_colors_info=&#8221;{}&#8221;]<\/p>\n<p><span style=\"color: #ffffff;\">El nostre equip estudiar\u00e0 el teu cas en profunditat i de manera exclusiva per tal de configurar l\u2019entrenament \u00f2ptim per tu, amb el que t\u2019assegurem que aconseguir\u00e0s els teus objectius de forma r\u00e0pida, efica\u00e7 i segura.<\/span><\/p>\n<p>[\/et_pb_text][\/et_pb_column][et_pb_column type=&#8221;1_3&#8243; _builder_version=&#8221;4.19.4&#8243; _module_preset=&#8221;default&#8221; custom_padding=&#8221;|20px|200px|20px|false|true&#8221; custom_padding_tablet=&#8221;|20px|60px|20px|false|true&#8221; custom_padding_phone=&#8221;&#8221; custom_padding_last_edited=&#8221;on|phone&#8221; border_radii=&#8221;on|20px|20px|20px|20px&#8221; global_colors_info=&#8221;{}&#8221; background__hover_enabled=&#8221;off|desktop&#8221; background_color_gradient_start__hover=&#8221;#DAE1FA&#8221; background_color_gradient_end__hover=&#8221;#f4eef4&#8243; background_color_gradient_stops__hover=&#8221;#DAE1FA 0%|#f4eef4 100%&#8221;][et_pb_image src=&#8221;http:\/\/www.sigesport.es\/castellar\/wp-content\/uploads\/2023\/08\/Iconos_Club-Jove_blanc.png&#8221; title_text=&#8221;Iconos_Club Jove_blanc&#8221; disabled_on=&#8221;off|off|off&#8221; _builder_version=&#8221;4.21.0&#8243; _module_preset=&#8221;default&#8221; custom_margin=&#8221;|-20px||-20px|false|true&#8221; border_radii=&#8221;on|200px|200px|200px|200px&#8221; border_color_all=&#8221;#ffffff&#8221; locked=&#8221;off&#8221; global_colors_info=&#8221;{}&#8221; border_width_all__hover_enabled=&#8221;on|desktop&#8221; border_width_all__hover=&#8221;20px&#8221;][\/et_pb_image][et_pb_blurb title=&#8221;CLUB JOVE&#8221; _builder_version=&#8221;4.21.0&#8243; _module_preset=&#8221;29efbea9-42c6-4393-a7cc-1aa44407c96c&#8221; header_level=&#8221;h3&#8243; header_font=&#8221;Archivo Black||||||||&#8221; header_text_color=&#8221;#FFFFFF&#8221; header_font_size=&#8221;20px&#8221; header_line_height=&#8221;1.4em&#8221; body_line_height=&#8221;2em&#8221; text_orientation=&#8221;center&#8221; header_font_size_tablet=&#8221;&#8221; header_font_size_phone=&#8221;18px&#8221; header_font_size_last_edited=&#8221;on|desktop&#8221; body_font_size_tablet=&#8221;14px&#8221; body_font_size_last_edited=&#8221;off|desktop&#8221; border_radii_image=&#8221;on|500px|500px|500px|500px&#8221; locked=&#8221;off&#8221; global_colors_info=&#8221;{}&#8221;]<\/p>\n<h3><\/h3>\n<h3><\/h3>\n<p>[\/et_pb_blurb][et_pb_text _builder_version=&#8221;4.21.0&#8243; _module_preset=&#8221;default&#8221; custom_padding=&#8221;||0px|||&#8221; hover_enabled=&#8221;0&#8243; global_colors_info=&#8221;{}&#8221; sticky_enabled=&#8221;0&#8243;]<\/p>\n<p><span style=\"color: #ffffff;\">L\u2019objectiu general del servei neix de la necessitat de crear un espai on compartir oci i esport lligat de manera directa amb la fam\u00edlia, on els nens i nenes puguin realitzar activitat f\u00edsica en els formats m\u00e9s variats i actuals mentre els pares\/mares disposen de temps per gaudir d\u2019aquell moment realitzant esport.<\/span><br \/><span style=\"color: #ffffff;\">Aprendre mentre gaudeixen!<\/span><\/p>\n<p>[\/et_pb_text][\/et_pb_column][et_pb_column type=&#8221;1_3&#8243; _builder_version=&#8221;4.19.4&#8243; _module_preset=&#8221;default&#8221; custom_padding=&#8221;|20px|200px|20px|false|true&#8221; custom_padding_tablet=&#8221;|20px|60px|20px|false|true&#8221; custom_padding_phone=&#8221;&#8221; custom_padding_last_edited=&#8221;on|phone&#8221; border_radii=&#8221;on|20px|20px|20px|20px&#8221; global_colors_info=&#8221;{}&#8221; background__hover_enabled=&#8221;off|desktop&#8221; background_color_gradient_start__hover=&#8221;#DAE1FA&#8221; background_color_gradient_end__hover=&#8221;#f4eef4&#8243; background_color_gradient_stops__hover=&#8221;#DAE1FA 0%|#f4eef4 100%&#8221;][\/et_pb_column][\/et_pb_row][\/et_pb_section]<\/p>\n","protected":false},"excerpt":{"rendered":"<p>SERVEISEl nostre equip estudiar\u00e0 el teu cas en profunditat i de manera exclusiva per tal de configurar l\u2019entrenament \u00f2ptim per tu, amb el que t\u2019assegurem que aconseguir\u00e0s els teus objectius de forma r\u00e0pida, efica\u00e7 i segura. L\u2019objectiu general del servei neix de la necessitat de crear un espai on compartir oci i esport lligat de [&hellip;]<\/p>\n","protected":false},"author":1,"featured_media":0,"parent":0,"menu_order":0,"comment_status":"closed","ping_status":"closed","template":"","meta":{"_et_pb_use_builder":"on","_et_pb_old_content":"","_et_gb_content_width":"","footnotes":""},"class_list":["post-8710","page","type-page","status-publish","hentry"],"_links":{"self":[{"href":"https:\/\/www.sigesport.es\/castellar\/wp-json\/wp\/v2\/pages\/8710","targetHints":{"allow":["GET"]}}],"collection":[{"href":"https:\/\/www.sigesport.es\/castellar\/wp-json\/wp\/v2\/pages"}],"about":[{"href":"https:\/\/www.sigesport.es\/castellar\/wp-json\/wp\/v2\/types\/page"}],"author":[{"embeddable":true,"href":"https:\/\/www.sigesport.es\/castellar\/wp-json\/wp\/v2\/users\/1"}],"replies":[{"embeddable":true,"href":"https:\/\/www.sigesport.es\/castellar\/wp-json\/wp\/v2\/comments?post=8710"}],"version-history":[{"count":22,"href":"https:\/\/www.sigesport.es\/castellar\/wp-json\/wp\/v2\/pages\/8710\/revisions"}],"predecessor-version":[{"id":9244,"href":"https:\/\/www.sigesport.es\/castellar\/wp-json\/wp\/v2\/pages\/8710\/revisions\/9244"}],"wp:attachment":[{"href":"https:\/\/www.sigesport.es\/castellar\/wp-json\/wp\/v2\/media?parent=8710"}],"curies":[{"name":"wp","href":"https:\/\/api.w.org\/{rel}","templated":true}]}}