{"id":8667,"date":"2024-03-30T14:10:17","date_gmt":"2024-03-30T13:10:17","guid":{"rendered":"http:\/\/www.sigesport.es\/castellar\/?page_id=8667"},"modified":"2026-01-28T12:02:12","modified_gmt":"2026-01-28T11:02:12","slug":"cursets","status":"publish","type":"page","link":"https:\/\/www.sigesport.es\/castellar\/cursets\/","title":{"rendered":"CURSETS"},"content":{"rendered":"<p>[et_pb_section fb_built=&#8221;1&#8243; admin_label=&#8221;Services&#8221; _builder_version=&#8221;4.19.4&#8243; _module_preset=&#8221;default&#8221; background_color=&#8221;#ff8662&#8243; background_enable_image=&#8221;off&#8221; background_size=&#8221;contain&#8221; background_position=&#8221;center_left&#8221; custom_padding=&#8221;||0px|||&#8221; global_colors_info=&#8221;{}&#8221;][et_pb_row _builder_version=&#8221;4.16&#8243; _module_preset=&#8221;default&#8221; global_colors_info=&#8221;{}&#8221;][et_pb_column type=&#8221;4_4&#8243; _builder_version=&#8221;4.16&#8243; _module_preset=&#8221;default&#8221; global_colors_info=&#8221;{}&#8221;][et_pb_text _builder_version=&#8221;4.19.4&#8243; _module_preset=&#8221;default&#8221; text_font=&#8221;Archivo||||||||&#8221; text_text_color=&#8221;#FFFFFF&#8221; header_font=&#8221;Archivo||||||||&#8221; header_text_color=&#8221;#FFFFFF&#8221; header_font_size=&#8221;80px&#8221; header_letter_spacing=&#8221;-2.67px&#8221; header_line_height=&#8221;1.2em&#8221; header_2_font=&#8221;Archivo Black||||||||&#8221; header_2_font_size=&#8221;60px&#8221; header_2_line_height=&#8221;1.2em&#8221; text_orientation=&#8221;center&#8221; header_font_size_tablet=&#8221;50px&#8221; header_font_size_phone=&#8221;30px&#8221; header_font_size_last_edited=&#8221;on|phone&#8221; header_2_font_size_tablet=&#8221;40px&#8221; header_2_font_size_phone=&#8221;24px&#8221; header_2_font_size_last_edited=&#8221;on|phone&#8221; locked=&#8221;off&#8221; global_colors_info=&#8221;{}&#8221;]<\/p>\n<h2 style=\"text-align: left;\"><span style=\"color: #ffffff;\">CURSETS<\/span><\/h2>\n<p>[\/et_pb_text][\/et_pb_column][\/et_pb_row][et_pb_row column_structure=&#8221;1_3,1_3,1_3&#8243; _builder_version=&#8221;4.27.4&#8243; _module_preset=&#8221;default&#8221; min_height=&#8221;136.6px&#8221; custom_padding=&#8221;||0px|||&#8221; border_radii=&#8221;on|1px|1px|1px|1px&#8221; border_color_all=&#8221;RGBA(255,255,255,0)&#8221; border_style_all=&#8221;none&#8221; global_colors_info=&#8221;{}&#8221;][et_pb_column type=&#8221;1_3&#8243; _builder_version=&#8221;4.27.4&#8243; _module_preset=&#8221;default&#8221; custom_padding=&#8221;|20px|20px|20px|false|true&#8221; custom_padding_tablet=&#8221;|20px|60px|20px|false|true&#8221; custom_padding_phone=&#8221;&#8221; custom_padding_last_edited=&#8221;on|phone&#8221; border_radii=&#8221;on|20px|20px|20px|20px&#8221; global_colors_info=&#8221;{}&#8221;][\/et_pb_column][et_pb_column type=&#8221;1_3&#8243; _builder_version=&#8221;4.27.4&#8243; _module_preset=&#8221;default&#8221; custom_padding=&#8221;|20px|20px|20px|false|true&#8221; custom_padding_tablet=&#8221;|20px|60px|20px|false|true&#8221; custom_padding_phone=&#8221;&#8221; custom_padding_last_edited=&#8221;on|phone&#8221; border_radii=&#8221;on|20px|20px|20px|20px&#8221; global_colors_info=&#8221;{}&#8221; background__hover_enabled=&#8221;off|desktop&#8221; background_color_gradient_start__hover=&#8221;#DAE1FA&#8221; background_color_gradient_end__hover=&#8221;#f4eef4&#8243; background_color_gradient_stops__hover=&#8221;#DAE1FA 0%|#f4eef4 100%&#8221;][et_pb_image src=&#8221;https:\/\/www.sigesport.es\/castellar\/wp-content\/uploads\/2023\/08\/Iconos_Aigua-blanc.png&#8221; title_text=&#8221;Iconos_Aigua blanc&#8221; _builder_version=&#8221;4.21.0&#8243; _module_preset=&#8221;default&#8221; custom_margin=&#8221;|-20px||-20px|false|true&#8221; border_radii=&#8221;on|200px|200px|200px|200px&#8221; border_color_all=&#8221;#ffffff&#8221; locked=&#8221;off&#8221; global_colors_info=&#8221;{}&#8221; border_width_all__hover_enabled=&#8221;on|desktop&#8221; border_width_all__hover=&#8221;20px&#8221;][\/et_pb_image][et_pb_blurb title=&#8221;NATACI\u00d3&#8221; _builder_version=&#8221;4.19.4&#8243; _module_preset=&#8221;cd554fdc-09ec-48b8-84f9-03b29249fca5&#8243; header_level=&#8221;h3&#8243; header_font=&#8221;Archivo Black||||||||&#8221; header_text_color=&#8221;#FFFFFF&#8221; header_font_size=&#8221;20px&#8221; header_line_height=&#8221;1.4em&#8221; body_line_height=&#8221;2em&#8221; text_orientation=&#8221;center&#8221; header_font_size_tablet=&#8221;&#8221; header_font_size_phone=&#8221;18px&#8221; header_font_size_last_edited=&#8221;on|desktop&#8221; body_font_size_tablet=&#8221;14px&#8221; body_font_size_last_edited=&#8221;off|desktop&#8221; border_radii_image=&#8221;on|500px|500px|500px|500px&#8221; locked=&#8221;off&#8221; global_colors_info=&#8221;{}&#8221;][\/et_pb_blurb][et_pb_text _builder_version=&#8221;4.27.4&#8243; _module_preset=&#8221;default&#8221; hover_enabled=&#8221;0&#8243; global_colors_info=&#8221;{}&#8221; sticky_enabled=&#8221;0&#8243;]<\/p>\n<p><span style=\"color: #ffffff;\">Enfoquem la nataci\u00f3 des d\u2019un punt educatiu i dins d\u2019un context on es valora l\u2019adaptaci\u00f3 i la progressi\u00f3 de cada alumne. Evidentment, no hi ha edat per aprendre a nedar, per tant comptem tamb\u00e9 amb cursos de nataci\u00f3 per adults.<\/span><\/p>\n<p><span style=\"color: #ffffff;\"><a href=\"https:\/\/www.sigesport.es\/castellar\/wp-content\/uploads\/2026\/01\/Horaris-cursos-natacio-25-26.pdf\" rel=\"attachment wp-att-9413\" style=\"color: #ffffff;\">&#8211; Horaris cursets de nataci\u00f3 2025-26<\/a><\/span><\/p>\n<p><span style=\"color: #ffffff;\">&#8211; Descarrega\u2019t el calendari de la temporada (no disponible)<\/span><\/p>\n<p>[\/et_pb_text][\/et_pb_column][et_pb_column type=&#8221;1_3&#8243; _builder_version=&#8221;4.27.4&#8243; _module_preset=&#8221;default&#8221; custom_padding=&#8221;|20px|20px|20px|false|true&#8221; custom_padding_tablet=&#8221;|20px|60px|20px|false|true&#8221; custom_padding_phone=&#8221;&#8221; custom_padding_last_edited=&#8221;on|phone&#8221; border_radii=&#8221;on|20px|20px|20px|20px&#8221; global_colors_info=&#8221;{}&#8221; background__hover_enabled=&#8221;off|desktop&#8221; background_color_gradient_start__hover=&#8221;#DAE1FA&#8221; background_color_gradient_end__hover=&#8221;#f4eef4&#8243; background_color_gradient_stops__hover=&#8221;#DAE1FA 0%|#f4eef4 100%&#8221;][\/et_pb_column][\/et_pb_row][et_pb_row _builder_version=&#8221;4.19.4&#8243; _module_preset=&#8221;default&#8221; global_colors_info=&#8221;{}&#8221;][et_pb_column type=&#8221;4_4&#8243; _builder_version=&#8221;4.19.4&#8243; _module_preset=&#8221;default&#8221; global_colors_info=&#8221;{}&#8221;][\/et_pb_column][\/et_pb_row][\/et_pb_section]<\/p>\n","protected":false},"excerpt":{"rendered":"<p>CURSETSEnfoquem la nataci\u00f3 des d\u2019un punt educatiu i dins d\u2019un context on es valora l\u2019adaptaci\u00f3 i la progressi\u00f3 de cada alumne. Evidentment, no hi ha edat per aprendre a nedar, per tant comptem tamb\u00e9 amb cursos de nataci\u00f3 per adults. &#8211; Horaris cursets de nataci\u00f3 2025-26 &#8211; Descarrega\u2019t el calendari de la temporada (no disponible)<\/p>\n","protected":false},"author":1,"featured_media":0,"parent":0,"menu_order":0,"comment_status":"closed","ping_status":"closed","template":"","meta":{"_et_pb_use_builder":"on","_et_pb_old_content":"","_et_gb_content_width":"","footnotes":""},"class_list":["post-8667","page","type-page","status-publish","hentry"],"_links":{"self":[{"href":"https:\/\/www.sigesport.es\/castellar\/wp-json\/wp\/v2\/pages\/8667","targetHints":{"allow":["GET"]}}],"collection":[{"href":"https:\/\/www.sigesport.es\/castellar\/wp-json\/wp\/v2\/pages"}],"about":[{"href":"https:\/\/www.sigesport.es\/castellar\/wp-json\/wp\/v2\/types\/page"}],"author":[{"embeddable":true,"href":"https:\/\/www.sigesport.es\/castellar\/wp-json\/wp\/v2\/users\/1"}],"replies":[{"embeddable":true,"href":"https:\/\/www.sigesport.es\/castellar\/wp-json\/wp\/v2\/comments?post=8667"}],"version-history":[{"count":25,"href":"https:\/\/www.sigesport.es\/castellar\/wp-json\/wp\/v2\/pages\/8667\/revisions"}],"predecessor-version":[{"id":9415,"href":"https:\/\/www.sigesport.es\/castellar\/wp-json\/wp\/v2\/pages\/8667\/revisions\/9415"}],"wp:attachment":[{"href":"https:\/\/www.sigesport.es\/castellar\/wp-json\/wp\/v2\/media?parent=8667"}],"curies":[{"name":"wp","href":"https:\/\/api.w.org\/{rel}","templated":true}]}}