{"id":3282,"date":"2024-03-30T14:10:03","date_gmt":"2024-03-30T13:10:03","guid":{"rendered":"http:\/\/www.sigesport.es\/castellar\/?page_id=3282"},"modified":"2024-03-30T14:10:03","modified_gmt":"2024-03-30T13:10:03","slug":"avis-legal","status":"publish","type":"page","link":"https:\/\/www.sigesport.es\/castellar\/avis-legal\/","title":{"rendered":"AV\u00cdS LEGAL"},"content":{"rendered":"<p>AV\u00cdS LEGAL<br \/>\nEl present av\u00eds legal regula l\u2019\u00fas del servei del portal d\u2019Internet www.sigesport.es propietat de l\u2019empresa SIGE 2005 SL amb domicili a Carrer Pa\u00eds Valenci\u00e0, 1, de Castellar del Vall\u00e8s amb CIF B-63871776.<\/p>\n<p>CONDICIONS D\u2019\u00daS.<br \/>\nL\u2019\u00fas del lloc web www.sigesportcastellar.com es regeix per les normes establertes en aquest av\u00eds legal. La utilitzaci\u00f3 de l\u2019esmentat lloc web suposa que vost\u00e8 accepta aquestes condicions d\u2019\u00fas.<br \/>\nContingut i \u00fas.<br \/>\nL\u2019Usuari queda informat, i accepta, que l\u2019acc\u00e9s a la present web no suposa, de cap manera, l\u2019inici d\u2019una relaci\u00f3 comercial o d\u2019altre tipus amb SIGE 2005 SL.<br \/>\nSIGE 2005 SL es reserva el dret d\u2019efectuar sense previ av\u00eds les modificacions que es considerin oportunes a la seva web, podent canviar, suprimir o afegir tant els continguts i serveis que es presten com la forma en la que aquests es presentin o localitzin en els seus servidors.<\/p>\n<p>Pol\u00edtica de Privacitat. Protecci\u00f3 de dades.<br \/>\nLes dades de car\u00e0cter personal que puguin \u00e9sser facilitades en aquest web s\u2019incorporaran a un fitxer anomenat CURR\u00cdCULUMS, propietat de SIGE 2005 SL, amb la finalitat de gestionar els curr\u00edculums rebuts, informar de les ofertes de treball de l\u2019empresa i formar part dels processos de selecci\u00f3 corresponents.<br \/>\nEs podran exercitar els drets d\u2019acc\u00e9s, rectificaci\u00f3, cancel\u00b7laci\u00f3 i oposici\u00f3 dirigint-se per escrit a:<br \/>\nSIGE 2005 SL Carrer Pa\u00eds Valenci\u00e0, 1, 08211 Castellar del Vall\u00e8s, Barcelona.<\/p>\n<p>Per exercir aquests drets, i en compliment de la Instrucci\u00f3 1\/1998, de 19 de gener, de l\u2019Ag\u00e8ncia de Protecci\u00f3 de Dades, \u00e9s necessari acreditar la personalitat davant SIGE 2005 SL mitjan\u00e7ant l\u2019enviament d\u2019una fotoc\u00f2pia del DNI o de qualsevol altre document v\u00e0lid en Dret.<\/p>\n<p>Drets de Propietat Intel\u00b7lectual.<br \/>\n1-Tots els continguts del lloc web www.sigesportcastellar.com (incloent-hi, sense car\u00e0cter limitador, bases de dades, imatges i fotografies, dibuixos, gr\u00e0fics i arxiu de text) s\u00f3n propietat de SIGE 2005 SL o dels prove\u00efdors de continguts, havent estat, en aquest \u00faltim cas, objecte de llic\u00e8ncia o cessi\u00f3 per part seva, i estant protegits per les normes nacionals o internacionals de propietat intel\u2022lectual. La recopilaci\u00f3, disseny, ordenaci\u00f3 i muntatge de tot el contingut del lloc web \u00e9s propietat exclusiva de SIGE 2005 SL i es troba protegit per les normes nacionals i internacionals de propietat industrial i intel\u00b7lectual.<br \/>\n2-Les marques, r\u00e8tols, signes distintius o logos de la web referenciada s\u00f3n titularitat de SIGE 2005 SL, aix\u00ed com els textos, dades i dibuixos gr\u00e0fics; o b\u00e9, s\u00f3n titularitat de les entitats prove\u00efdores d\u2019informaci\u00f3, no podent \u00e9sser objecte d\u2019ulterior modificaci\u00f3, c\u00f2pia, transformaci\u00f3, alteraci\u00f3, reproducci\u00f3, adaptaci\u00f3 o traducci\u00f3 per part de tercers, sense l\u2019expressa autoritzaci\u00f3 per part del titular de dit contingut. La posada a disposici\u00f3 dels textos o la concessi\u00f3 d\u2019un dret d\u2019explotaci\u00f3, reproducci\u00f3, difusi\u00f3, transformaci\u00f3, distribuci\u00f3, o transmisi\u00f3 al seu favor, diferent del dret d\u2019\u00fas que comporta d\u2019utilitzaci\u00f3 leg\u00edtima de la web.<\/p>\n<p>Manifestacions.<br \/>\n1-SIGE 2005 SL manifesta que aquest lloc web disposa de la tecnologia adequada per permetre l\u2019acc\u00e9s i utilitzaci\u00f3 de la mateixa. No obstant, no es responsabilitza per la eventual exist\u00e8ncia de virus o altres elements nocius, introdu\u00efts per qualsevol mitj\u00e0 o per tercers, que puguin produir alteracions en els seus sistemes inform\u00e0tics.<br \/>\n2-El lloc web www.sigesportcastellar.com podria contenir inexactituds, omissions rellevants, imprecisions o errades. L\u2019Usuari que hi accedeix exonera a SIGE 2005 SL de qualsevol responsabilitat en relaci\u00f3 a la fiabilitat, utilitat o falses expectatives que aquesta web pogu\u00e9s produir-li.<br \/>\n3-Aix\u00ed mateix, aquesta web no utilitza \u201ccookies\u201d ni altres mitjans t\u00e8cnics que permetin identificar els usuaris, ni con\u00e8ixer dades relatives a la seva navegaci\u00f3.<\/p>\n<p>Limitaci\u00f3 de responsabilitat.<br \/>\n1-SIGE 2005 SL no ofereix garanties de cap tipus quant al funcionament de la present web o la informaci\u00f3 continguda en aquesta, ni es far\u00e0 responsable dels danys ocasionats o perjudicis, de qualsevol tipus, que es puguin derivar del seu \u00fas.<br \/>\n2-Aix\u00ed mateix, SIGE 2005 SL exclou tota responsabilitat per la licitud, contingut i qualitat de les dades i informacions ofertes per terceres entitats a trav\u00e9s d\u2019aquest web.<\/p>\n<p>Enlla\u00e7os hipervincles.<br \/>\n1-Els titulars d\u2019altres llocs web que desitgin crear un hipervincle a www.sigesportcastellar.com es comprometen a no realitzar manifestacions falses, inexactes o incorrectes, que puguin induir a una errada o en general, que siguin contr\u00e0ries a les lleis.<br \/>\n2-Els titulars dels altres llocs web que desitgin crear un hipervincle a www.sigesportcastellar.com es comprometen, aix\u00ed mateix, a no establir hipervincles amb llocs web que continguin continguts, manifestacions o propaganda de car\u00e0cter racista, xen\u00f2foba, pornogr\u00e0fica, d\u2019apologia del terrorisme i, en general, que puguin perjudicar el bon nom o la imatge de SIGE 2005 SL.<br \/>\n3-La inclusi\u00f3 d\u2019hipervincles www.sigesportcastellar.com no implica necess\u00e0riament que SIGE 2005 SL mantingui relacions mercantils o vincles associats amb el titular de la web en la que s\u2019estableixi l\u2019enlla\u00e7.<br \/>\n4-La pres\u00e8ncia d\u2019hipervincles t\u00e9 una finalitat merament informativa, motiu pel qual SIGE 2005 SL no es responsabilitza ni atorga cap garantia respecte a la comercialitat, idone\u00eftat, qualitat, caracter\u00edstiques, proced\u00e8ncia, comercialitzaci\u00f3 o qualsevol altre aspecte de les informacions i\/o productes i\/o serveis que ofereixin a trav\u00e9s del lloc web referenciat.<br \/>\nLegislaci\u00f3 aplicable.<br \/>\nAmb car\u00e0cter general les relacions entre SIGE 2005 SL i els usuaris del seus serveis telem\u00e0tics, presents en la web, es troben sotmeses a la legislaci\u00f3 i jurisdicci\u00f3 espanyola i catalana.<\/p>\n<p>Dades de contacte:<br \/>\nSIGE 2005 SL<br \/>\nCarrer Pa\u00eds Valenci\u00e0 n\u00ba 1<br \/>\n08211 Castellar del Vall\u00e8s, Barcelona<br \/>\natclient.sige@gmail.com<br \/>\nTel\u00e8fon 93.714.28.11<\/p>\n","protected":false},"excerpt":{"rendered":"<p>AV\u00cdS LEGAL El present av\u00eds legal regula l\u2019\u00fas del servei del portal d\u2019Internet www.sigesport.es propietat de l\u2019empresa SIGE 2005 SL amb domicili a Carrer Pa\u00eds Valenci\u00e0, 1, de Castellar del Vall\u00e8s amb CIF B-63871776. CONDICIONS D\u2019\u00daS. L\u2019\u00fas del lloc web www.sigesportcastellar.com es regeix per les normes establertes en aquest av\u00eds legal. La utilitzaci\u00f3 de l\u2019esmentat [&hellip;]<\/p>\n","protected":false},"author":1,"featured_media":0,"parent":0,"menu_order":0,"comment_status":"open","ping_status":"open","template":"","meta":{"_et_pb_use_builder":"","_et_pb_old_content":"","_et_gb_content_width":"","footnotes":""},"class_list":["post-3282","page","type-page","status-publish","hentry"],"_links":{"self":[{"href":"https:\/\/www.sigesport.es\/castellar\/wp-json\/wp\/v2\/pages\/3282","targetHints":{"allow":["GET"]}}],"collection":[{"href":"https:\/\/www.sigesport.es\/castellar\/wp-json\/wp\/v2\/pages"}],"about":[{"href":"https:\/\/www.sigesport.es\/castellar\/wp-json\/wp\/v2\/types\/page"}],"author":[{"embeddable":true,"href":"https:\/\/www.sigesport.es\/castellar\/wp-json\/wp\/v2\/users\/1"}],"replies":[{"embeddable":true,"href":"https:\/\/www.sigesport.es\/castellar\/wp-json\/wp\/v2\/comments?post=3282"}],"version-history":[{"count":1,"href":"https:\/\/www.sigesport.es\/castellar\/wp-json\/wp\/v2\/pages\/3282\/revisions"}],"predecessor-version":[{"id":3284,"href":"https:\/\/www.sigesport.es\/castellar\/wp-json\/wp\/v2\/pages\/3282\/revisions\/3284"}],"wp:attachment":[{"href":"https:\/\/www.sigesport.es\/castellar\/wp-json\/wp\/v2\/media?parent=3282"}],"curies":[{"name":"wp","href":"https:\/\/api.w.org\/{rel}","templated":true}]}}