{"id":2085,"date":"2024-03-30T14:10:03","date_gmt":"2024-03-30T13:10:03","guid":{"rendered":"http:\/\/www.sigesport.es\/castellar\/?page_id=2085"},"modified":"2024-03-30T14:10:03","modified_gmt":"2024-03-30T13:10:03","slug":"entrenaments-personals","status":"publish","type":"page","link":"https:\/\/www.sigesport.es\/castellar\/activitats-i-fitness\/entrenaments-personals\/","title":{"rendered":"ENTRENAMENTS PERSONALS"},"content":{"rendered":"<p><img loading=\"lazy\" decoding=\"async\" class=\"aligncenter size-full wp-image-2883\" src=\"http:\/\/www.sigesport.es\/castellar\/wp-content\/uploads\/2013\/11\/img-ep1.jpg\" alt=\"img ep\" width=\"583\" height=\"437\" srcset=\"https:\/\/www.sigesport.es\/castellar\/wp-content\/uploads\/2013\/11\/img-ep1.jpg 583w, https:\/\/www.sigesport.es\/castellar\/wp-content\/uploads\/2013\/11\/img-ep1-300x224.jpg 300w, https:\/\/www.sigesport.es\/castellar\/wp-content\/uploads\/2013\/11\/img-ep1-480x360.jpg 480w, https:\/\/www.sigesport.es\/castellar\/wp-content\/uploads\/2013\/11\/img-ep1-240x180.jpg 240w\" sizes=\"(max-width: 583px) 100vw, 583px\" \/><br \/>\nGrans professionals t\u2019acompanyaran de manera exclusiva en el cam\u00ed cap als teus objectius. El nostre equip estudiar\u00e0 el teu cas en profunditat per tal de configurar l\u2019entrenament \u00f2ptim per tu, amb el que t\u2019assegurem que aconseguir\u00e0s els teus objectius de forma r\u00e0pida, efica\u00e7 i segura. Un entrenament fet a la teva mida. Les sessions d\u2019entrenament personal s\u00f3n d\u2019una hora de durada amb l\u2019atenci\u00f3 exclusiva del teu entrenador.<br \/>\nSegons els teus objectius t\u2019oferim un gran ventall de possibilitats perqu\u00e8 escullis la dedicaci\u00f3 que m\u00e9s necessites.<\/p>\n<h3 class=\"subheader\">Una sessi\u00f3 d\u2019una hora per 39\u20ac<br \/>\nUn abonament de 5 sessions per 170\u20ac<br \/>\nUn abonament de 10 sessions per 290\u20ac<\/h3>\n","protected":false},"excerpt":{"rendered":"<p>Grans professionals t\u2019acompanyaran de manera exclusiva en el cam\u00ed cap als teus objectius. El nostre equip estudiar\u00e0 el teu cas en profunditat per tal de configurar l\u2019entrenament \u00f2ptim per tu, amb el que t\u2019assegurem que aconseguir\u00e0s els teus objectius de forma r\u00e0pida, efica\u00e7 i segura. Un entrenament fet a la teva mida. Les sessions d\u2019entrenament [&hellip;]<\/p>\n","protected":false},"author":1,"featured_media":0,"parent":2069,"menu_order":0,"comment_status":"open","ping_status":"open","template":"","meta":{"_et_pb_use_builder":"","_et_pb_old_content":"","_et_gb_content_width":"","footnotes":""},"class_list":["post-2085","page","type-page","status-publish","hentry"],"_links":{"self":[{"href":"https:\/\/www.sigesport.es\/castellar\/wp-json\/wp\/v2\/pages\/2085","targetHints":{"allow":["GET"]}}],"collection":[{"href":"https:\/\/www.sigesport.es\/castellar\/wp-json\/wp\/v2\/pages"}],"about":[{"href":"https:\/\/www.sigesport.es\/castellar\/wp-json\/wp\/v2\/types\/page"}],"author":[{"embeddable":true,"href":"https:\/\/www.sigesport.es\/castellar\/wp-json\/wp\/v2\/users\/1"}],"replies":[{"embeddable":true,"href":"https:\/\/www.sigesport.es\/castellar\/wp-json\/wp\/v2\/comments?post=2085"}],"version-history":[{"count":2,"href":"https:\/\/www.sigesport.es\/castellar\/wp-json\/wp\/v2\/pages\/2085\/revisions"}],"predecessor-version":[{"id":4426,"href":"https:\/\/www.sigesport.es\/castellar\/wp-json\/wp\/v2\/pages\/2085\/revisions\/4426"}],"up":[{"embeddable":true,"href":"https:\/\/www.sigesport.es\/castellar\/wp-json\/wp\/v2\/pages\/2069"}],"wp:attachment":[{"href":"https:\/\/www.sigesport.es\/castellar\/wp-json\/wp\/v2\/media?parent=2085"}],"curies":[{"name":"wp","href":"https:\/\/api.w.org\/{rel}","templated":true}]}}