{"id":2039,"date":"2024-03-30T14:10:50","date_gmt":"2024-03-30T13:10:50","guid":{"rendered":"http:\/\/www.sigesport.es\/castellar\/?page_id=2039"},"modified":"2024-03-30T14:10:50","modified_gmt":"2024-03-30T13:10:50","slug":"avantatjes","status":"publish","type":"page","link":"https:\/\/www.sigesport.es\/castellar\/qui-som\/avantatjes\/","title":{"rendered":"AVANTATGES"},"content":{"rendered":"<p>Els abonats i abonades de Sige Sport Castellar\u00a0tenen al seu abast un ampli ventall d&#8217;avantatges pensats per al seu confort i benestar, perqu\u00e8 gaudeixin al m\u00e0xim del seu temps d&#8217;entrenament i relax.<\/p>\n<div class=\"izquierda\">\n<div class=\"interior-i\"><a class=\"fancybox open_lightbox\" href=\"http:\/\/www.sigesport.es\/castellar\/wp-content\/uploads\/2013\/11\/activitats-dirigides.jpg\"><img decoding=\"async\" src=\"http:\/\/www.sigesport.es\/castellar\/wp-content\/uploads\/2013\/11\/activitats-dirigides.jpg\" alt=\"Activitats Dirigides Fitness\" width=\"100%\" \/><\/a><\/div>\n<div class=\"interior-d\">ACTIVITATS DIRIGIDES\u00a0FITNESS. Trobar\u00e0s la m\u00e9s \u00e0mplia oferta d&#8217;Activitats Dirigides amb m\u00e9s de 200 classes setmanals a la teva disposici\u00f3, sempre a\u00a0l&#8217;\u00faltima\u00a0tend\u00e8ncia\u00a0i amb l\u2019acompanyament dels millors professionals.<\/div>\n<\/div>\n<div class=\"derecha\">\n<div class=\"interior-i\"><a class=\"fancybox open_lightbox\" href=\"http:\/\/www.sigesport.es\/castellar\/wp-content\/uploads\/2013\/11\/assessorament-tecnic-personalitzat.jpg\"><img decoding=\"async\" src=\"http:\/\/www.sigesport.es\/castellar\/wp-content\/uploads\/2013\/11\/assessorament-tecnic-personalitzat.jpg\" alt=\"Assessorament tecnic personalitzat\" width=\"100%\" \/><\/a><\/div>\n<div class=\"interior-d\">ASSESSORAMENT PERSONALITZAT PERMANENT.\u00a0A les sales de fitness trobar\u00e0s un equip d&#8217;instructors altament qualificats que t\u2019ajudaran a realitzar l&#8217;exercici de forma segura i efica\u00e7.<\/div>\n<\/div>\n<div class=\"izquierda\">\n<div class=\"interior-i\"><a class=\"fancybox open_lightbox\" href=\"http:\/\/www.sigesport.es\/castellar\/wp-content\/uploads\/2013\/11\/punt-wellness.jpg\"><img decoding=\"async\" src=\"http:\/\/www.sigesport.es\/castellar\/wp-content\/uploads\/2013\/11\/punt-wellness.jpg\" alt=\"Punt Wellness\" width=\"100%\" \/><\/a><\/div>\n<div class=\"interior-d\">PUNT\u00a0WELLNESS. A les nostres instal\u00b7lacions hi trobar\u00e0s tamb\u00e9 el Punt\u00a0Wellness, un espai d\u2019acc\u00e9s lliure a tots els nostres abonats, amb equipament Spa i Saunes on relaxar-te en el moment que\u00a0desitgis.<\/div>\n<\/div>\n<div class=\"derecha\">\n<div class=\"interior-i\"><a class=\"fancybox open_lightbox\" href=\"http:\/\/www.sigesport.es\/castellar\/wp-content\/uploads\/2013\/11\/taquilles-gratis.jpg\"><img decoding=\"async\" src=\"http:\/\/www.sigesport.es\/castellar\/wp-content\/uploads\/2013\/11\/taquilles-gratis.jpg\" alt=\"Taquilles gratis\" width=\"100%\" \/><\/a><\/div>\n<div class=\"interior-d\">TAQUILLES GRATU\u00cfTES. Els vestuaris disposen de taquilles d&#8217;\u00fas diari gratu\u00eft, \u00e0mplies i confortables. Per aquells que\u00a0ho\u00a0desitgin\u00a0tamb\u00e9 disposem de taquilles de lloguer, per tenir el teu armariet personal cada dia a punt.<\/div>\n<\/div>\n<div class=\"izquierda\">\n<div class=\"interior-i\"><a class=\"fancybox open_lightbox\" href=\"http:\/\/www.sigesport.es\/castellar\/wp-content\/uploads\/2013\/11\/polsera12.jpg\"><img decoding=\"async\" src=\"http:\/\/www.sigesport.es\/castellar\/wp-content\/uploads\/2013\/11\/polsera12.jpg\" alt=\"polsera1\" width=\"100%\" \/><\/a><\/div>\n<div class=\"interior-d\">ENTRADA ESPECIAL A TOTS ELS CENTRES. Si ets abonat de Sige Sport Castellar\u00a0tindr\u00e0s acc\u00e9s amb entrada especial als 5 centres que formen part de Sige.<\/div>\n<\/div>\n<div class=\"derecha\">\n<div class=\"interior-i\"><a class=\"fancybox open_lightbox\" href=\"http:\/\/www.sigesport.es\/castellar\/wp-content\/uploads\/2013\/11\/activitats-especials.jpg\"><img decoding=\"async\" src=\"http:\/\/www.sigesport.es\/castellar\/wp-content\/uploads\/2013\/11\/activitats-especials.jpg\" alt=\"Activitats especials\" width=\"100%\" \/><\/a><\/div>\n<div class=\"interior-d\">M\u00c0STERS CLASS I ACTIVITATS ESPECIALS. Gaudeix amb nosaltres de la gran varietat de M\u00e0ster Classes i activitats especials obertes a tots els abonats, on podr\u00e0s compartir l\u2019experi\u00e8ncia convidant als seus amics o familiars.<\/div>\n<\/div>\n<div class=\"izquierda\">\n<div class=\"interior-i\"><a class=\"fancybox open_lightbox\" href=\"http:\/\/www.sigesport.es\/castellar\/wp-content\/uploads\/2013\/11\/amplis-vestidors.jpg\"><img decoding=\"async\" src=\"http:\/\/www.sigesport.es\/castellar\/wp-content\/uploads\/2013\/11\/amplis-vestidors.jpg\" alt=\"Vestidors\" width=\"100%\" \/><\/a><\/div>\n<div class=\"interior-d\">AMPLIS VESTIDORS. Dos vestidors d\u2019adults, mascul\u00ed i femen\u00ed. Dos espais de 150 m2 cadascun ,\u00a0amb 16 dutxes i amb taquilles\u00a0de lloguer o d\u2019\u00fas puntual, a m\u00e9s de climatitzaci\u00f3 i renovaci\u00f3 d\u2019aire i llum natural.<\/div>\n<\/div>\n<div class=\"derecha\">\n<div class=\"interior-i\"><a class=\"fancybox open_lightbox\" href=\"http:\/\/www.sigesport.es\/castellar\/wp-content\/uploads\/2013\/11\/servei-de-tovallola.jpg\"><img decoding=\"async\" src=\"http:\/\/www.sigesport.es\/castellar\/wp-content\/uploads\/2013\/11\/servei-de-tovallola.jpg\" alt=\"Servei de tovallola\" width=\"100%\" \/><\/a><\/div>\n<div class=\"interior-d\">SERVEI DE TOVALLOLES D\u2019\u00daS PUNTUAL. A Sige et proporcionem tovallola per aquells dies que la necessitis.<\/div>\n<\/div>\n<div class=\"izquierda\">\n<div class=\"interior-i\"><a class=\"fancybox open_lightbox\" href=\"http:\/\/www.sigesport.es\/castellar\/wp-content\/uploads\/2013\/11\/parking.jpg\"><img decoding=\"async\" src=\"http:\/\/www.sigesport.es\/castellar\/wp-content\/uploads\/2013\/11\/parking.jpg\" alt=\"Parking\" width=\"100%\" \/><\/a><\/div>\n<div class=\"interior-d\">PARKING. Davant les nostres instal\u00b7lacions trobar\u00e0s un aparcament p\u00fablic gratu\u00eft, per fer-te m\u00e9s f\u00e0cil l\u2019arribada.<\/div>\n<\/div>\n<div class=\"derecha\">\n<div class=\"interior-i\"><a class=\"fancybox open_lightbox\" href=\"http:\/\/www.sigesport.es\/castellar\/wp-content\/uploads\/2013\/11\/img-ep1.jpg\"><img decoding=\"async\" class=\"aligncenter wp-image-2883\" src=\"http:\/\/www.sigesport.es\/castellar\/wp-content\/uploads\/2013\/11\/img-ep1.jpg\" alt=\"img ep\" width=\"100%\" height=\"100%\" srcset=\"https:\/\/www.sigesport.es\/castellar\/wp-content\/uploads\/2013\/11\/img-ep1.jpg 583w, https:\/\/www.sigesport.es\/castellar\/wp-content\/uploads\/2013\/11\/img-ep1-300x224.jpg 300w, https:\/\/www.sigesport.es\/castellar\/wp-content\/uploads\/2013\/11\/img-ep1-480x360.jpg 480w, https:\/\/www.sigesport.es\/castellar\/wp-content\/uploads\/2013\/11\/img-ep1-240x180.jpg 240w\" sizes=\"(max-width: 583px) 100vw, 583px\" \/><\/a><\/div>\n<div class=\"interior-d\">ENTRENAMENT PERSONAL. Un equip d&#8217;entrenadors personals estan al teu servei si el que vols \u00e9s assolir els teus objectius en un temps record. Tamb\u00e9 pots disposar d&#8217;un programa personalitzat si necessites un entrenament a mida.<\/div>\n<\/div>\n<div class=\"izquierda\">\n<div class=\"interior-i\"><a class=\"fancybox open_lightbox\" href=\"http:\/\/www.sigesport.es\/castellar\/wp-content\/uploads\/2013\/11\/sala-destar.jpg\"><img decoding=\"async\" src=\"http:\/\/www.sigesport.es\/castellar\/wp-content\/uploads\/2013\/11\/sala-destar.jpg\" alt=\"Sala destar\" width=\"100%\" \/><\/a><\/div>\n<div class=\"interior-d\">SALA D\u2019ESTAR. Un espai per abonats i acompanyants on seure una estona i prendre un refresc o un\u00a0caf\u00e8\u00a0amb zona\u00a0WIFI.<br \/>\n&#8211; Els socis de\u00a0Sige comptaran amb un espai Web exclusiu on podran configurar la seva agenda i accedir a tots els serveis del centre.<\/div>\n<\/div>\n<div class=\"derecha\">\n<div class=\"interior-i\"><a class=\"fancybox open_lightbox\" href=\"http:\/\/www.sigesport.es\/castellar\/wp-content\/uploads\/2013\/11\/bellesa-i-salut.jpg\"><img decoding=\"async\" src=\"http:\/\/www.sigesport.es\/castellar\/wp-content\/uploads\/2013\/11\/bellesa-i-salut.jpg\" alt=\"bellesa i salut\" width=\"100%\" \/><\/a><\/div>\n<div class=\"interior-d\">ASSESSORAMENT DE BELLESA. Els nostres especialistes en bellesa et realitzaran un diagn\u00f2stic personalitzat sempre que ho necessitis, per tal de determinar el tractament facial i\/o corporal que m\u00e9s s&#8217;ajusti a les teves necessitats.<\/div>\n<\/div>\n<div class=\"izquierda\"><\/div>\n","protected":false},"excerpt":{"rendered":"<p>Els abonats i abonades de Sige Sport Castellar\u00a0tenen al seu abast un ampli ventall d&#8217;avantatges pensats per al seu confort i benestar, perqu\u00e8 gaudeixin al m\u00e0xim del seu temps d&#8217;entrenament i relax. ACTIVITATS DIRIGIDES\u00a0FITNESS. Trobar\u00e0s la m\u00e9s \u00e0mplia oferta d&#8217;Activitats Dirigides amb m\u00e9s de 200 classes setmanals a la teva disposici\u00f3, sempre a\u00a0l&#8217;\u00faltima\u00a0tend\u00e8ncia\u00a0i amb l\u2019acompanyament [&hellip;]<\/p>\n","protected":false},"author":1,"featured_media":0,"parent":2033,"menu_order":0,"comment_status":"open","ping_status":"open","template":"","meta":{"_et_pb_use_builder":"","_et_pb_old_content":"","_et_gb_content_width":"","footnotes":""},"class_list":["post-2039","page","type-page","status-publish","hentry"],"_links":{"self":[{"href":"https:\/\/www.sigesport.es\/castellar\/wp-json\/wp\/v2\/pages\/2039","targetHints":{"allow":["GET"]}}],"collection":[{"href":"https:\/\/www.sigesport.es\/castellar\/wp-json\/wp\/v2\/pages"}],"about":[{"href":"https:\/\/www.sigesport.es\/castellar\/wp-json\/wp\/v2\/types\/page"}],"author":[{"embeddable":true,"href":"https:\/\/www.sigesport.es\/castellar\/wp-json\/wp\/v2\/users\/1"}],"replies":[{"embeddable":true,"href":"https:\/\/www.sigesport.es\/castellar\/wp-json\/wp\/v2\/comments?post=2039"}],"version-history":[{"count":4,"href":"https:\/\/www.sigesport.es\/castellar\/wp-json\/wp\/v2\/pages\/2039\/revisions"}],"predecessor-version":[{"id":5225,"href":"https:\/\/www.sigesport.es\/castellar\/wp-json\/wp\/v2\/pages\/2039\/revisions\/5225"}],"up":[{"embeddable":true,"href":"https:\/\/www.sigesport.es\/castellar\/wp-json\/wp\/v2\/pages\/2033"}],"wp:attachment":[{"href":"https:\/\/www.sigesport.es\/castellar\/wp-json\/wp\/v2\/media?parent=2039"}],"curies":[{"name":"wp","href":"https:\/\/api.w.org\/{rel}","templated":true}]}}